{"id":55,"date":"2019-06-23T06:00:46","date_gmt":"2019-06-23T06:00:46","guid":{"rendered":"https:\/\/xn--cabaashuequecura-9tb.cl\/index.php\/spa\/"},"modified":"2024-10-16T05:58:15","modified_gmt":"2024-10-16T05:58:15","slug":"visitar","status":"publish","type":"page","link":"https:\/\/xn--cabaashuequecura-9tb.cl\/index.php\/visitar\/","title":{"rendered":"Lugares para visitar"},"content":{"rendered":"<div class=\"wpb-content-wrapper\"><p>[vc_row content_placement=\u00bbmiddle\u00bb css=\u00bb.vc_custom_1568800473648{margin-right: 0px !important;margin-left: 0px !important;padding-top: 35px !important;padding-bottom: 80px !important;}\u00bb][vc_column parallax=\u00bbcontent-moving\u00bb parallax_image=\u00bb2425&#8243; width=\u00bb1\/2&#8243; css=\u00bb.vc_custom_1729056548832{margin-top: -60px !important;margin-right: 0px !important;padding-top: 200px !important;padding-right: 0px !important;padding-bottom: 200px !important;}\u00bb][\/vc_column][vc_column width=\u00bb1\/2&#8243; css=\u00bb.vc_custom_1566653812500{padding-top: 20% !important;padding-right: 12% !important;padding-bottom: 19% !important;padding-left: 12% !important;background-color: #ffffff !important;}\u00bb][vc_column_text css=\u00bb\u00bb]<\/p>\n<h2>SALTOS DE\u00a0 RI\u00d1INAHUE<\/h2>\n<p>Ubicada en la precordillera de los Andes Norpatag\u00f3nica , al sur del Lago Ranco. Se trata de dos grandes ca\u00eddas de agua, estos saltos por erosi\u00f3n crean un gran poso de agua verde. Los Saltos cuentan con infraestructura de miradores tipo terraza, con f\u00e1cil y gratuito acceso. El salto se hizo conocido como zona de inter\u00e9s en el campeonato mundial de Redbul en 2007. A partir de este evento la municipalidad de Lago Ranco a mejorado su infraestructura y se\u00f1aleticas para conocer este m\u00e1gico y magn\u00edfico lugar[\/vc_column_text][\/vc_column][\/vc_row][vc_row content_placement=\u00bbmiddle\u00bb css=\u00bb.vc_custom_1568800473648{margin-right: 0px !important;margin-left: 0px !important;padding-top: 35px !important;padding-bottom: 80px !important;}\u00bb][vc_column parallax=\u00bbcontent-moving\u00bb parallax_image=\u00bb2426&#8243; width=\u00bb1\/2&#8243; css=\u00bb.vc_custom_1729056748844{margin-top: -60px !important;margin-right: 0px !important;padding-top: 200px !important;padding-right: 0px !important;padding-bottom: 200px !important;}\u00bb][\/vc_column][vc_column width=\u00bb1\/2&#8243; css=\u00bb.vc_custom_1566653812500{padding-top: 20% !important;padding-right: 12% !important;padding-bottom: 19% !important;padding-left: 12% !important;background-color: #ffffff !important;}\u00bb][vc_column_text css=\u00bb\u00bb]<\/p>\n<h2>SALTOS DE NILAHUE<\/h2>\n<p>A un costado de la Ruta Interlagos a 37 km. de Futrono aproximadamente se encuentra este hermoso Salto sobre el R\u00edo Nilahue. Este peculiar atractivo est\u00e1 formado por dos saltos consecutivos, dotados de paredes de basato con una singular forma producto de la erosi\u00f3n del agua.<br \/>\nPosee un mirador y estacionamiento de f\u00e1cil acceso donde puedes tomar excelentes fotograf\u00edas.<br \/>\nCruzando el puente encontrar\u00e1s un camping completamente equipado donde podr\u00e1s tener una panor\u00e1mica distinta y acceder hasta los pies del salto.[\/vc_column_text][\/vc_column][\/vc_row][vc_row content_placement=\u00bbmiddle\u00bb css=\u00bb.vc_custom_1568800473648{margin-right: 0px !important;margin-left: 0px !important;padding-top: 35px !important;padding-bottom: 80px !important;}\u00bb][vc_column parallax=\u00bbcontent-moving\u00bb parallax_image=\u00bb2427&#8243; width=\u00bb1\/2&#8243; css=\u00bb.vc_custom_1729056895433{margin-top: -60px !important;margin-right: 0px !important;padding-top: 200px !important;padding-right: 0px !important;padding-bottom: 200px !important;}\u00bb][\/vc_column][vc_column width=\u00bb1\/2&#8243; css=\u00bb.vc_custom_1566653812500{padding-top: 20% !important;padding-right: 12% !important;padding-bottom: 19% !important;padding-left: 12% !important;background-color: #ffffff !important;}\u00bb][vc_column_text css=\u00bb\u00bb]<\/p>\n<h2>SALTOS DE PICHI IGNAO<\/h2>\n<p>Ubicado en la comuna de Lago Ranco, a 55 kil\u00f3metros de Futrono, se encuentra el Salto Pichi Ignao, el cual est\u00e1 formado por un conjunto de ca\u00eddas de agua.<\/p>\n<p>Si\u00e9ntete afortunado de estar rodeado por una vegetaci\u00f3n de especies nativas, como el Notro, Coig\u00fce y Array\u00e1n que le dan una frescura natural al ambiente a\u00fan en los d\u00edas m\u00e1s c\u00e1lidos. Cuenta con excelentes senderos interpretativos y miradores donde puede\u00a0<a title=\"proviron uk\" href=\"https:\/\/www.buckleysprestwick.com\/\">proviron uk<\/a>\u00a0realizar una parada en el camino, ideal para un picnic.C\u00f3mo Llegar[\/vc_column_text][\/vc_column][\/vc_row][vc_row content_placement=\u00bbmiddle\u00bb css=\u00bb.vc_custom_1568800473648{margin-right: 0px !important;margin-left: 0px !important;padding-top: 35px !important;padding-bottom: 80px !important;}\u00bb][vc_column parallax=\u00bbcontent-moving\u00bb parallax_image=\u00bb2428&#8243; width=\u00bb1\/2&#8243; css=\u00bb.vc_custom_1729057008218{margin-top: -60px !important;margin-right: 0px !important;padding-top: 200px !important;padding-right: 0px !important;padding-bottom: 200px !important;}\u00bb][\/vc_column][vc_column width=\u00bb1\/2&#8243; css=\u00bb.vc_custom_1566653812500{padding-top: 20% !important;padding-right: 12% !important;padding-bottom: 19% !important;padding-left: 12% !important;background-color: #ffffff !important;}\u00bb][vc_column_text css=\u00bb\u00bb]<\/p>\n<h2>SALTOS VELO DE LA NOVIA<\/h2>\n<p>El salto del Velo de la novia, se encuentra ubicado en la comuna de Molina en el sector del Parque Radal 7 tasas. La cascada tiene aproximadamente 50 metros de largo, sus aguas son fr\u00edas y no aptas para el ba\u00f1o. Este slto se encuentra ubicado a la orilla del camino y se encuentra tambi\u00e9n debidamente se\u00f1alizado, tiene dos miradores principales desde donde puedes obtener sacar las mejores fotograf\u00edas. Cabe mencionar que el acceso es completamente gratis y es detenci\u00f3n obligada para cuando vayas a las 7 tasas.[\/vc_column_text][\/vc_column][\/vc_row][vc_row content_placement=\u00bbmiddle\u00bb css=\u00bb.vc_custom_1568800473648{margin-right: 0px !important;margin-left: 0px !important;padding-top: 35px !important;padding-bottom: 80px !important;}\u00bb][vc_column parallax=\u00bbcontent-moving\u00bb parallax_image=\u00bb2435&#8243; width=\u00bb1\/2&#8243; css=\u00bb.vc_custom_1729057390265{margin-top: -60px !important;margin-right: 0px !important;padding-top: 200px !important;padding-right: 0px !important;padding-bottom: 200px !important;}\u00bb][\/vc_column][vc_column width=\u00bb1\/2&#8243; css=\u00bb.vc_custom_1566653812500{padding-top: 20% !important;padding-right: 12% !important;padding-bottom: 19% !important;padding-left: 12% !important;background-color: #ffffff !important;}\u00bb][vc_column_text css=\u00bb\u00bb]<\/p>\n<h2>TERMAS DE CHIHU\u00cdO<\/h2>\n<p>son un refugio de bienestar en Chile. Rodeado de paisajes espectaculares, ofrece aguas termales y servicios de relajaci\u00f3n. Los visitantes elogian las instalaciones limpias y accesibles, ideales para escapadas familiares.[\/vc_column_text][\/vc_column][\/vc_row][vc_row content_placement=\u00bbmiddle\u00bb css=\u00bb.vc_custom_1568800473648{margin-right: 0px !important;margin-left: 0px !important;padding-top: 35px !important;padding-bottom: 80px !important;}\u00bb][vc_column parallax=\u00bbcontent-moving\u00bb parallax_image=\u00bb2431&#8243; width=\u00bb1\/2&#8243; css=\u00bb.vc_custom_1729057221129{margin-top: -60px !important;margin-right: 0px !important;padding-top: 200px !important;padding-right: 0px !important;padding-bottom: 200px !important;}\u00bb][\/vc_column][vc_column width=\u00bb1\/2&#8243; css=\u00bb.vc_custom_1566653812500{padding-top: 20% !important;padding-right: 12% !important;padding-bottom: 19% !important;padding-left: 12% !important;background-color: #ffffff !important;}\u00bb][vc_column_text css=\u00bb\u00bb]<\/p>\n<h2>TERMAS DE LLIFEN<\/h2>\n<p>Piscinas de agua termal te invitan a experimentar una maravillosa estad\u00eda que renovar\u00e1 tus energ\u00edas con todos los beneficios de las aguas termales, ricas en calcio, azufre y minerales. Estos elementos al ser absorbidos por la piel resultan ideales para tratar afecciones cardiovasculares, hep\u00e1ticas y reum\u00e1ticas, siendo ideal para revitalizar el cuerpo y mantenerse saludable de forma natural, en un entorno \u00fanico del sur de Chile.[\/vc_column_text][\/vc_column][\/vc_row][vc_row content_placement=\u00bbmiddle\u00bb css=\u00bb.vc_custom_1568800473648{margin-right: 0px !important;margin-left: 0px !important;padding-top: 35px !important;padding-bottom: 80px !important;}\u00bb][vc_column parallax=\u00bbcontent-moving\u00bb parallax_image=\u00bb2437&#8243; width=\u00bb1\/2&#8243; css=\u00bb.vc_custom_1729057530243{margin-top: -60px !important;margin-right: 0px !important;padding-top: 200px !important;padding-right: 0px !important;padding-bottom: 200px !important;}\u00bb][\/vc_column][vc_column width=\u00bb1\/2&#8243; css=\u00bb.vc_custom_1566653812500{padding-top: 20% !important;padding-right: 12% !important;padding-bottom: 19% !important;padding-left: 12% !important;background-color: #ffffff !important;}\u00bb][vc_column_text css=\u00bb\u00bb]<\/p>\n<h2>PLAYA DE LA CUENCA DEL RANCO<\/h2>\n<p>La cuenca del Lago Ranco cuenta con bellas playas aptas\u00a0 para realizar deportes n\u00e1uticos, o tan simple como contemplar y disfrutar de los parajes del sector, entre ellas podemos destacar las siguientes playas por sus aguas cristalinas y finas arenas.[\/vc_column_text][\/vc_column][\/vc_row][vc_row content_placement=\u00bbmiddle\u00bb css=\u00bb.vc_custom_1568800473648{margin-right: 0px !important;margin-left: 0px !important;padding-top: 35px !important;padding-bottom: 80px !important;}\u00bb][vc_column parallax=\u00bbcontent-moving\u00bb parallax_image=\u00bb2440&#8243; width=\u00bb1\/2&#8243; css=\u00bb.vc_custom_1729057766844{margin-top: -60px !important;margin-right: 0px !important;padding-top: 200px !important;padding-right: 0px !important;padding-bottom: 200px !important;}\u00bb][\/vc_column][vc_column width=\u00bb1\/2&#8243; css=\u00bb.vc_custom_1566653812500{padding-top: 20% !important;padding-right: 12% !important;padding-bottom: 19% !important;padding-left: 12% !important;background-color: #ffffff !important;}\u00bb][vc_column_text css=\u00bb\u00bb]<\/p>\n<h2>PLAYA CALCURRUPE<\/h2>\n<p>Playa de arenas volc\u00e1nicas, ubicada entre LLifen y Salto Nilahue\u00a0 perteneciente a la comuna de Lago Ranco, a unos 8 minutos de las Caba\u00f1as.[\/vc_column_text][\/vc_column][\/vc_row][vc_row content_placement=\u00bbmiddle\u00bb css=\u00bb.vc_custom_1568800473648{margin-right: 0px !important;margin-left: 0px !important;padding-top: 35px !important;padding-bottom: 80px !important;}\u00bb][vc_column parallax=\u00bbcontent-moving\u00bb parallax_image=\u00bb2438&#8243; width=\u00bb1\/2&#8243; css=\u00bb.vc_custom_1729057687148{margin-top: -60px !important;margin-right: 0px !important;padding-top: 200px !important;padding-right: 0px !important;padding-bottom: 200px !important;}\u00bb][\/vc_column][vc_column width=\u00bb1\/2&#8243; css=\u00bb.vc_custom_1566653812500{padding-top: 20% !important;padding-right: 12% !important;padding-bottom: 19% !important;padding-left: 12% !important;background-color: #ffffff !important;}\u00bb][vc_column_text css=\u00bb\u00bb]<\/p>\n<h2>PLAYA HUEQUECURA<\/h2>\n<p>A 20 kil\u00f3metros de Futrono, por una ruta asfaltada, se encuentra la playa Huequecura, en la localidad de Llif\u00e9n, afortunada de estar rodeada de paisajes paradisiacos y respaldada por el enorme cerro Huequecura.<\/p>\n<p>Cuenta con excelente equipamiento y salvavidas, todo en sus 400 metros de arena fina y aguas cristalinas inserta en un entorno majestuoso ideal para el relajo bajo el sol y para disfrutar de la vista del Ranco[\/vc_column_text][\/vc_column][\/vc_row][vc_row][\/vc_row]<\/p>\n<\/div>","protected":false},"excerpt":{"rendered":"<p>[vc_row content_placement=\u00bbmiddle\u00bb css=\u00bb.vc_custom_1568800473648{margin-right: 0px !important;margin-left: 0px !important;padding-top: 35px !important;padding-bottom: 80px !important;}\u00bb][vc_column parallax=\u00bbcontent-moving\u00bb parallax_image=\u00bb2425&#8243; width=\u00bb1\/2&#8243; css=\u00bb.vc_custom_1729056548832{margin-top: -60px !important;margin-right: 0px !important;padding-top: 200px !important;padding-right: 0px !important;padding-bottom: 200px !important;}\u00bb][\/vc_column][vc_column width=\u00bb1\/2&#8243; css=\u00bb.vc_custom_1566653812500{padding-top: 20% !important;padding-right: 12% !important;padding-bottom: 19% !important;padding-left: 12% !important;background-color: #ffffff !important;}\u00bb][vc_column_text css=\u00bb\u00bb] SALTOS DE\u00a0 RI\u00d1INAHUE Ubicada en la precordillera de los Andes Norpatag\u00f3nica , al sur del Lago Ranco.&hellip;<\/p>\n","protected":false},"author":1,"featured_media":0,"parent":0,"menu_order":0,"comment_status":"closed","ping_status":"closed","template":"","meta":{"footnotes":""},"class_list":["post-55","page","type-page","status-publish","hentry","description-off"],"_links":{"self":[{"href":"https:\/\/xn--cabaashuequecura-9tb.cl\/index.php\/wp-json\/wp\/v2\/pages\/55","targetHints":{"allow":["GET"]}}],"collection":[{"href":"https:\/\/xn--cabaashuequecura-9tb.cl\/index.php\/wp-json\/wp\/v2\/pages"}],"about":[{"href":"https:\/\/xn--cabaashuequecura-9tb.cl\/index.php\/wp-json\/wp\/v2\/types\/page"}],"author":[{"embeddable":true,"href":"https:\/\/xn--cabaashuequecura-9tb.cl\/index.php\/wp-json\/wp\/v2\/users\/1"}],"replies":[{"embeddable":true,"href":"https:\/\/xn--cabaashuequecura-9tb.cl\/index.php\/wp-json\/wp\/v2\/comments?post=55"}],"version-history":[{"count":8,"href":"https:\/\/xn--cabaashuequecura-9tb.cl\/index.php\/wp-json\/wp\/v2\/pages\/55\/revisions"}],"predecessor-version":[{"id":2444,"href":"https:\/\/xn--cabaashuequecura-9tb.cl\/index.php\/wp-json\/wp\/v2\/pages\/55\/revisions\/2444"}],"wp:attachment":[{"href":"https:\/\/xn--cabaashuequecura-9tb.cl\/index.php\/wp-json\/wp\/v2\/media?parent=55"}],"curies":[{"name":"wp","href":"https:\/\/api.w.org\/{rel}","templated":true}]}}