{"id":721,"date":"2019-08-23T06:54:47","date_gmt":"2019-08-23T06:54:47","guid":{"rendered":"https:\/\/xn--cabaashuequecura-9tb.cl\/index.php\/home-2\/"},"modified":"2025-01-09T19:34:14","modified_gmt":"2025-01-09T19:34:14","slug":"home-2","status":"publish","type":"page","link":"https:\/\/xn--cabaashuequecura-9tb.cl\/","title":{"rendered":"Inicio"},"content":{"rendered":"<div class=\"wpb-content-wrapper\"><p>[vc_row content_placement=\u00bbmiddle\u00bb css=\u00bb.vc_custom_1580471293723{margin-right: 0px !important;margin-left: 0px !important;padding-top: 90px !important;padding-bottom: 90px !important;}\u00bb][vc_column parallax=\u00bbcontent-moving\u00bb parallax_image=\u00bb2317&#8243; css_animation=\u00bbleft-to-right\u00bb width=\u00bb1\/2&#8243; css=\u00bb.vc_custom_1729047324518{margin-top: -60px !important;margin-right: 0px !important;padding-top: 200px !important;padding-right: 0px !important;padding-bottom: 200px !important;}\u00bb][\/vc_column][vc_column width=\u00bb1\/2&#8243; css=\u00bb.vc_custom_1580473381675{padding-top: 90px !important;padding-right: 12% !important;padding-bottom: 90px !important;padding-left: 12% !important;background-color: #ffffff !important;}\u00bb]<div id=\"ultimate-heading-376869e6012ccba65\" class=\"uvc-heading ult-adjust-bottom-margin ultimate-heading-376869e6012ccba65 uvc-7662  uvc-heading-default-font-sizes\" data-hspacer=\"no_spacer\"  data-halign=\"left\" style=\"text-align:left\"><div class=\"uvc-heading-spacer no_spacer\" style=\"top\"><\/div><div class=\"uvc-main-heading ult-responsive\"  data-ultimate-target='.uvc-heading.ultimate-heading-376869e6012ccba65 p'  data-responsive-json-new='{\"font-size\":\"\",\"line-height\":\"\"}' ><p style=\"--font-weight:theme;margin-bottom:20px;\">BIENVENIDOS A NUESTRO SITIO WEB<\/p><\/div><div class=\"uvc-sub-heading ult-responsive\"  data-ultimate-target='.uvc-heading.ultimate-heading-376869e6012ccba65 .uvc-sub-heading '  data-responsive-json-new='{\"font-size\":\"\",\"line-height\":\"\"}'  style=\"font-weight:normal;margin-bottom:35px;\"><\/p>\n<h2 class=\"fancy-subtitle start-animation-done start-animation\">Departamentos &amp; Caba\u00f1as Huequecura<\/h2>\n<p><\/div><\/div>[vc_column_text css=\u00bb.vc_custom_1729047125071{margin-bottom: 30px !important;}\u00bb]<\/p>\n<div dir=\"auto\">Nuestas caba\u00f1as estan ubicadas en el pintoresca localidad de Llif\u00e9n, a orillas del lago Ranco y a los pies del majestuoso cerro Huequecura, nuestras caba\u00f1as ofrecen un refugio perfecto para escapar del estr\u00e9s y conectar con la naturaleza.<\/div>\n<div dir=\"auto\"><\/div>\n<p>[\/vc_column_text][\/vc_column][\/vc_row][vc_row full_width=\u00bbstretch_row\u00bb content_placement=\u00bbmiddle\u00bb bg_type=\u00bbimage\u00bb parallax_style=\u00bbvcpb-vz-jquery\u00bb bg_image_new=\u00bbid^2318|url^https:\/\/xn--cabaashuequecura-9tb.cl\/wp-content\/uploads\/2024\/10\/20240925_135540.jpg|caption^null|alt^null|title^20240925_135540|description^null\u00bb bg_image_repeat=\u00bbrepeat-y\u00bb parallax_sense=\u00bb60&#8243; bg_override=\u00bbfull\u00bb enable_overlay=\u00bbenable_overlay_value\u00bb overlay_color=\u00bbrgba(0,0,0,0.5)\u00bb css=\u00bb.vc_custom_1729047527364{margin-bottom: 80px !important;padding-top: 90px !important;padding-bottom: 50px !important;}\u00bb][vc_column width=\u00bb5\/6&#8243; offset=\u00bbvc_col-lg-offset-1 vc_col-lg-10 vc_col-md-offset-1 vc_col-md-10 vc_col-sm-offset-1&#8243;]<div id=\"ultimate-heading-480669e6012ccba93\" class=\"uvc-heading ult-adjust-bottom-margin ultimate-heading-480669e6012ccba93 uvc-2107  uvc-heading-default-font-sizes\" data-hspacer=\"no_spacer\"  data-halign=\"center\" style=\"text-align:center\"><div class=\"uvc-heading-spacer no_spacer\" style=\"top\"><\/div><div class=\"uvc-main-heading ult-responsive\"  data-ultimate-target='.uvc-heading.ultimate-heading-480669e6012ccba93 p'  data-responsive-json-new='{\"font-size\":\"\",\"line-height\":\"\"}' ><p style=\"--font-weight:theme;color:#ffffff;margin-bottom:20px;\">CABA\u00d1AS Y DEPARTAMENTOS<\/p><\/div><div class=\"uvc-sub-heading ult-responsive\"  data-ultimate-target='.uvc-heading.ultimate-heading-480669e6012ccba93 .uvc-sub-heading '  data-responsive-json-new='{\"font-size\":\"\",\"line-height\":\"\"}'  style=\"font-weight:normal;color:#ffffff;margin-bottom:20px;\"><\/p>\n<h2><span style=\"color: #ffffff;\">CHECK-IN 14:00 HRS. | CHECK-OUT 11:00 HRS.<\/span><\/h2>\n<p><\/div><\/div><span id=\"creative-link-wrap-9515\" class=\"ult_main_cl ult-adjust-bottom-margin  \" >\n\t \t\t\t<span class=\"ult_cl_link_3  ult_crlink\" >\n\t\t\t\t\t<a  data-ultimate-target='#creative-link-wrap-9515 .ult_colorlink'  data-responsive-json-new='{\"font-size\":\"\",\"line-height\":\"\"}'  href=\"https:\/\/the7.io\/hotel\/special-offers\/\" title=\"Dining\"  class=\"ult_colorlink ult-responsive  vc_custom_1729058725367\" style=\"font-weight:normal; \"  data-textcolor=\"#ffffff\" data-texthover=\"#ffffff\"data-style=\"Style_3\">\n\t\t\t\t\t\t\n\t\t\t\t\t\t<span data-hover=\"CON ACCESO DIRECTO A LA PLAYA HUEQUECURA\" style=\"color:#ffffff;;;\" class=\"ult_btn10_span   \">CON ACCESO DIRECTO A LA PLAYA HUEQUECURA<\/span>\n\t\t\t\t\t\t<span class=\"ult_link_btm3 \" style=\"border-color:#ffffff;border-bottom-width:2px;border-style:solid;\"><\/span>\n\t\t\t\t\t<\/a>\n\t\t\t\t<\/span>\n\t\t\t<\/span>[\/vc_column][\/vc_row][vc_row][vc_column][vc_single_image image=\u00bb2471&#8243; img_size=\u00bbmedium\u00bb alignment=\u00bbcenter\u00bb css=\u00bb\u00bb][\/vc_column][\/vc_row]<\/p>\n<\/div>","protected":false},"excerpt":{"rendered":"<p>[vc_row content_placement=\u00bbmiddle\u00bb css=\u00bb.vc_custom_1580471293723{margin-right: 0px !important;margin-left: 0px !important;padding-top: 90px !important;padding-bottom: 90px !important;}\u00bb][vc_column parallax=\u00bbcontent-moving\u00bb parallax_image=\u00bb2317&#8243; css_animation=\u00bbleft-to-right\u00bb width=\u00bb1\/2&#8243; css=\u00bb.vc_custom_1729047324518{margin-top: -60px !important;margin-right: 0px !important;padding-top: 200px !important;padding-right: 0px !important;padding-bottom: 200px !important;}\u00bb][\/vc_column][vc_column width=\u00bb1\/2&#8243; css=\u00bb.vc_custom_1580473381675{padding-top: 90px !important;padding-right: 12% !important;padding-bottom: 90px !important;padding-left: 12% !important;background-color: #ffffff !important;}\u00bb][vc_column_text css=\u00bb.vc_custom_1729047125071{margin-bottom: 30px !important;}\u00bb] Nuestas caba\u00f1as estan ubicadas en el pintoresca localidad de Llif\u00e9n, a orillas del lago&hellip;<\/p>\n","protected":false},"author":1,"featured_media":0,"parent":0,"menu_order":0,"comment_status":"closed","ping_status":"closed","template":"","meta":{"footnotes":""},"class_list":["post-721","page","type-page","status-publish","hentry","description-off"],"_links":{"self":[{"href":"https:\/\/xn--cabaashuequecura-9tb.cl\/index.php\/wp-json\/wp\/v2\/pages\/721","targetHints":{"allow":["GET"]}}],"collection":[{"href":"https:\/\/xn--cabaashuequecura-9tb.cl\/index.php\/wp-json\/wp\/v2\/pages"}],"about":[{"href":"https:\/\/xn--cabaashuequecura-9tb.cl\/index.php\/wp-json\/wp\/v2\/types\/page"}],"author":[{"embeddable":true,"href":"https:\/\/xn--cabaashuequecura-9tb.cl\/index.php\/wp-json\/wp\/v2\/users\/1"}],"replies":[{"embeddable":true,"href":"https:\/\/xn--cabaashuequecura-9tb.cl\/index.php\/wp-json\/wp\/v2\/comments?post=721"}],"version-history":[{"count":5,"href":"https:\/\/xn--cabaashuequecura-9tb.cl\/index.php\/wp-json\/wp\/v2\/pages\/721\/revisions"}],"predecessor-version":[{"id":2472,"href":"https:\/\/xn--cabaashuequecura-9tb.cl\/index.php\/wp-json\/wp\/v2\/pages\/721\/revisions\/2472"}],"wp:attachment":[{"href":"https:\/\/xn--cabaashuequecura-9tb.cl\/index.php\/wp-json\/wp\/v2\/media?parent=721"}],"curies":[{"name":"wp","href":"https:\/\/api.w.org\/{rel}","templated":true}]}}