{"id":889,"date":"2019-08-30T12:02:43","date_gmt":"2019-08-30T12:02:43","guid":{"rendered":"https:\/\/xn--cabaashuequecura-9tb.cl\/index.php\/about\/"},"modified":"2024-10-16T06:03:10","modified_gmt":"2024-10-16T06:03:10","slug":"historia","status":"publish","type":"page","link":"https:\/\/xn--cabaashuequecura-9tb.cl\/index.php\/historia\/","title":{"rendered":"Acerca de caba\u00f1as Huequecura"},"content":{"rendered":"<div class=\"wpb-content-wrapper\"><p>[vc_row content_placement=\u00bbmiddle\u00bb css=\u00bb.vc_custom_1568896184714{margin-right: 0px !important;margin-left: 0px !important;padding-bottom: 80px !important;}\u00bb][vc_column parallax=\u00bbcontent-moving\u00bb parallax_image=\u00bb2323&#8243; width=\u00bb1\/2&#8243; css=\u00bb.vc_custom_1729047871092{margin-top: -60px !important;margin-right: 0px !important;padding-top: 200px !important;padding-right: 0px !important;padding-bottom: 200px !important;}\u00bb][\/vc_column][vc_column width=\u00bb1\/2&#8243; css=\u00bb.vc_custom_1565094314911{padding-top: 140px !important;padding-right: 80px !important;padding-bottom: 130px !important;padding-left: 80px !important;background-color: #ffffff !important;}\u00bb][vc_column_text css=\u00bb\u00bb]<strong>Nuestra historia<\/strong>\u00a0es la que trasciende un legado de amor y dedicaci\u00f3n por el turismo Somos testigos de c\u00f3mo el majestuoso cerro Huequecura y el asombroso Lago Ranco con su magia nobleza y cultura conquista los corazones de los visitantes.<\/p>\n<p>Todo comienza a mediados de los a\u00f1os 50, Esteban Bertin Guarda y su esposa Juana Mundaca\u00a0 quienes reci\u00e9n hab\u00edan llegado al sector de Huequecura fascinados por los hermosos parajes que apreciaban.<\/p>\n<p>Fue tal el encanto que percib\u00edan a su alrededor que decidieron encontrar un lugar a sus orillas para quedarse, tras pasar el tiempo tuvieron la noble misi\u00f3n de hacer factible que todos pudieran disfrutar de la magia\u00a0 y la experiencia que les ofrec\u00eda el sector de Huequecura, y es ah\u00ed cuando Esteban decide dejar su\u00a0 emprendimiento de\u00a0 aserraderos\u00a0 rubro al que se dedic\u00f3 toda su vida para dedicarse plenamente al turismo\u00a0 e iniciar su nuevo\u00a0 camino\u00a0 con lo\u00a0 \u00a0 que ser\u00eda la\u00a0 <strong>HOSTER\u00cdA HUEQUECURA<\/strong>, la cual abrir\u00e1\u00a0sus puertas\u00a0 en el a\u00f1o 1955.<\/p>\n<p>A fines de la d\u00e9cada de los a\u00f1os 90, trasciende el legado de la Hoster\u00eda y se pone al mando su hijo Victor Bertin Mundaca y su\u00a0 se\u00f1ora Silvia Pugin Rios bajo el nombre de\u00a0 <strong>CABA\u00d1AS HUEQUECURA<\/strong>,\u00a0 fue testigo clave del crecimiento fruct\u00edfero y del fiel aprecio de los hu\u00e9spedes que preven\u00eda de todas partes de Chile y el extranjero.<\/p>\n<p>Es en el a\u00f1o 2014, cuando una nueva descendencia asume el cargo Victor Bertin Pugin quien inspirado en el servicio, atenci\u00f3n y dedicaci\u00f3n de los oficios de sus ancestros decide mantener vivo el esp\u00edritu, el coraz\u00f3n de la historia de a\u00f1os.<\/p>\n<p>Actualmente es el encargado de manejar el complejo de departamentos y caba\u00f1asHuequecura.<\/p>\n<p>A 65 a\u00f1os de haber empezado este emprendimiento familiar contin\u00faa su misi\u00f3n la cual radica en ofrecer un servicio y experiencia memorable.\u00a0 Los resultados\u00a0 del trabajo y desarrollo continuo nos han otorgado un alto nivel de fidelizaci\u00f3n con nuestros hu\u00e9spedes el cual ha trascendido por generaciones, siendo un referente permanente de calidad y atenci\u00f3n.[\/vc_column_text][\/vc_column][\/vc_row][vc_row][\/vc_row]<\/p>\n<\/div>","protected":false},"excerpt":{"rendered":"<p>[vc_row content_placement=\u00bbmiddle\u00bb css=\u00bb.vc_custom_1568896184714{margin-right: 0px !important;margin-left: 0px !important;padding-bottom: 80px !important;}\u00bb][vc_column parallax=\u00bbcontent-moving\u00bb parallax_image=\u00bb2323&#8243; width=\u00bb1\/2&#8243; css=\u00bb.vc_custom_1729047871092{margin-top: -60px !important;margin-right: 0px !important;padding-top: 200px !important;padding-right: 0px !important;padding-bottom: 200px !important;}\u00bb][\/vc_column][vc_column width=\u00bb1\/2&#8243; css=\u00bb.vc_custom_1565094314911{padding-top: 140px !important;padding-right: 80px !important;padding-bottom: 130px !important;padding-left: 80px !important;background-color: #ffffff !important;}\u00bb][vc_column_text css=\u00bb\u00bb]Nuestra historia\u00a0es la que trasciende un legado de amor y dedicaci\u00f3n por el turismo Somos testigos de c\u00f3mo el majestuoso&hellip;<\/p>\n","protected":false},"author":1,"featured_media":0,"parent":0,"menu_order":0,"comment_status":"closed","ping_status":"closed","template":"","meta":{"footnotes":""},"class_list":["post-889","page","type-page","status-publish","hentry","description-off"],"_links":{"self":[{"href":"https:\/\/xn--cabaashuequecura-9tb.cl\/index.php\/wp-json\/wp\/v2\/pages\/889","targetHints":{"allow":["GET"]}}],"collection":[{"href":"https:\/\/xn--cabaashuequecura-9tb.cl\/index.php\/wp-json\/wp\/v2\/pages"}],"about":[{"href":"https:\/\/xn--cabaashuequecura-9tb.cl\/index.php\/wp-json\/wp\/v2\/types\/page"}],"author":[{"embeddable":true,"href":"https:\/\/xn--cabaashuequecura-9tb.cl\/index.php\/wp-json\/wp\/v2\/users\/1"}],"replies":[{"embeddable":true,"href":"https:\/\/xn--cabaashuequecura-9tb.cl\/index.php\/wp-json\/wp\/v2\/comments?post=889"}],"version-history":[{"count":5,"href":"https:\/\/xn--cabaashuequecura-9tb.cl\/index.php\/wp-json\/wp\/v2\/pages\/889\/revisions"}],"predecessor-version":[{"id":2450,"href":"https:\/\/xn--cabaashuequecura-9tb.cl\/index.php\/wp-json\/wp\/v2\/pages\/889\/revisions\/2450"}],"wp:attachment":[{"href":"https:\/\/xn--cabaashuequecura-9tb.cl\/index.php\/wp-json\/wp\/v2\/media?parent=889"}],"curies":[{"name":"wp","href":"https:\/\/api.w.org\/{rel}","templated":true}]}}